{"id":8424,"date":"2025-09-04T13:09:30","date_gmt":"2025-09-04T13:09:30","guid":{"rendered":"https:\/\/petrazabcic.art\/product\/bros-ptic-pink\/"},"modified":"2025-09-04T13:11:19","modified_gmt":"2025-09-04T13:11:19","slug":"bros-ptic-pink","status":"publish","type":"product","link":"https:\/\/petrazabcic.art\/en\/product\/bros-ptic-pink\/","title":{"rendered":"bird brooch \u2013pink"},"content":{"rendered":"<p>Each brooch is painted by hand and this makes it unique, so there may be slight differences between the brooches. They are made of wood and painted with acrylic colors.<br \/>\nThe brooches are made in small and limited series.<br \/>\nAvoid contact with water!<br \/>\n*depending on your monitor settings, product colors may differ from the photos on the website.<\/p>\n<p>DIMENSIONS:<\/p>\n<p>6,5 x 4,4 cm<\/p>\n","protected":false},"excerpt":{"rendered":"<p>Each brooch is painted by hand and this makes it unique, so there may be slight differences between the brooches. They are made of wood and painted with acrylic colors.<br \/>\nThe brooches are made in small and limited series.<br \/>\nAvoid contact with water!<br \/>\n*depending on your monitor settings, product colors may differ from the photos on the website.<\/p>\n<p>DIMENSIONS:<\/p>\n<p>6,5 x 4,4 cm<\/p>\n","protected":false},"featured_media":8423,"template":"","meta":[],"product_brand":[],"product_cat":[121,139,75],"product_tag":[],"class_list":{"0":"post-8424","1":"product","2":"type-product","3":"status-publish","4":"has-post-thumbnail","6":"product_cat-brooches-en","7":"product_cat-bros-ptica-en","8":"product_cat-jewelry","10":"first","11":"instock","12":"shipping-taxable","13":"purchasable","14":"product-type-simple"},"yoast_head":"<!-- This site is optimized with the Yoast SEO plugin v25.0 - https:\/\/yoast.com\/wordpress\/plugins\/seo\/ -->\n<title>bird brooch \u2013pink - Petra \u017dab\u010di\u0107 ART<\/title>\n<meta name=\"robots\" content=\"index, follow, max-snippet:-1, max-image-preview:large, max-video-preview:-1\" \/>\n<link rel=\"canonical\" href=\"https:\/\/petrazabcic.art\/en\/product\/bros-ptic-pink\/\" \/>\n<meta property=\"og:locale\" content=\"en_US\" \/>\n<meta property=\"og:type\" content=\"article\" \/>\n<meta property=\"og:title\" content=\"bird brooch \u2013pink - Petra \u017dab\u010di\u0107 ART\" \/>\n<meta property=\"og:description\" content=\"Each brooch is painted by hand and this makes it unique, so there may be slight differences between the brooches. They are made of wood and painted with acrylic colors. The brooches are made in small and limited series. Avoid contact with water! *depending on your monitor settings, product colors may differ from the photos on the website.  DIMENSIONS:  6,5 x 4,4 cm\" \/>\n<meta property=\"og:url\" content=\"https:\/\/petrazabcic.art\/en\/product\/bros-ptic-pink\/\" \/>\n<meta property=\"og:site_name\" content=\"Petra \u017dab\u010di\u0107 ART\" \/>\n<meta property=\"article:publisher\" content=\"https:\/\/www.facebook.com\/petra.zabcic\" \/>\n<meta property=\"article:modified_time\" content=\"2025-09-04T13:11:19+00:00\" \/>\n<meta property=\"og:image\" content=\"https:\/\/petrazabcic.art\/wp-content\/uploads\/BROSIC-PTICA-pink.jpg\" \/>\n\t<meta property=\"og:image:width\" content=\"2160\" \/>\n\t<meta property=\"og:image:height\" content=\"1498\" \/>\n\t<meta property=\"og:image:type\" content=\"image\/jpeg\" \/>\n<meta name=\"twitter:card\" content=\"summary_large_image\" \/>\n<meta name=\"twitter:label1\" content=\"Est. reading time\" \/>\n\t<meta name=\"twitter:data1\" content=\"1 minute\" \/>\n<script type=\"application\/ld+json\" class=\"yoast-schema-graph\">{\"@context\":\"https:\/\/schema.org\",\"@graph\":[{\"@type\":\"WebPage\",\"@id\":\"https:\/\/petrazabcic.art\/en\/product\/bros-ptic-pink\/\",\"url\":\"https:\/\/petrazabcic.art\/en\/product\/bros-ptic-pink\/\",\"name\":\"bird brooch \u2013pink - Petra \u017dab\u010di\u0107 ART\",\"isPartOf\":{\"@id\":\"https:\/\/petrazabcic.art\/en\/#website\"},\"primaryImageOfPage\":{\"@id\":\"https:\/\/petrazabcic.art\/en\/product\/bros-ptic-pink\/#primaryimage\"},\"image\":{\"@id\":\"https:\/\/petrazabcic.art\/en\/product\/bros-ptic-pink\/#primaryimage\"},\"thumbnailUrl\":\"https:\/\/petrazabcic.art\/wp-content\/uploads\/BROSIC-PTICA-pink.jpg\",\"datePublished\":\"2025-09-04T13:09:30+00:00\",\"dateModified\":\"2025-09-04T13:11:19+00:00\",\"breadcrumb\":{\"@id\":\"https:\/\/petrazabcic.art\/en\/product\/bros-ptic-pink\/#breadcrumb\"},\"inLanguage\":\"en-US\",\"potentialAction\":[{\"@type\":\"ReadAction\",\"target\":[\"https:\/\/petrazabcic.art\/en\/product\/bros-ptic-pink\/\"]}]},{\"@type\":\"ImageObject\",\"inLanguage\":\"en-US\",\"@id\":\"https:\/\/petrazabcic.art\/en\/product\/bros-ptic-pink\/#primaryimage\",\"url\":\"https:\/\/petrazabcic.art\/wp-content\/uploads\/BROSIC-PTICA-pink.jpg\",\"contentUrl\":\"https:\/\/petrazabcic.art\/wp-content\/uploads\/BROSIC-PTICA-pink.jpg\",\"width\":2160,\"height\":1498},{\"@type\":\"BreadcrumbList\",\"@id\":\"https:\/\/petrazabcic.art\/en\/product\/bros-ptic-pink\/#breadcrumb\",\"itemListElement\":[{\"@type\":\"ListItem\",\"position\":1,\"name\":\"Po\u010detna stranica\",\"item\":\"https:\/\/petrazabcic.art\/\"},{\"@type\":\"ListItem\",\"position\":2,\"name\":\"Shop\",\"item\":\"https:\/\/petrazabcic.art\/en\/shop\/\"},{\"@type\":\"ListItem\",\"position\":3,\"name\":\"bird brooch \u2013pink\"}]},{\"@type\":\"WebSite\",\"@id\":\"https:\/\/petrazabcic.art\/en\/#website\",\"url\":\"https:\/\/petrazabcic.art\/en\/\",\"name\":\"Petra \u017dab\u010di\u0107 ART\",\"description\":\"__SLIKE__ILUSTRACIJE__NAKIT__\",\"publisher\":{\"@id\":\"https:\/\/petrazabcic.art\/en\/#organization\"},\"potentialAction\":[{\"@type\":\"SearchAction\",\"target\":{\"@type\":\"EntryPoint\",\"urlTemplate\":\"https:\/\/petrazabcic.art\/en\/?s={search_term_string}\"},\"query-input\":{\"@type\":\"PropertyValueSpecification\",\"valueRequired\":true,\"valueName\":\"search_term_string\"}}],\"inLanguage\":\"en-US\"},{\"@type\":\"Organization\",\"@id\":\"https:\/\/petrazabcic.art\/en\/#organization\",\"name\":\"Petra \u017dab\u010di\u0107 art\",\"url\":\"https:\/\/petrazabcic.art\/en\/\",\"logo\":{\"@type\":\"ImageObject\",\"inLanguage\":\"en-US\",\"@id\":\"https:\/\/petrazabcic.art\/en\/#\/schema\/logo\/image\/\",\"url\":\"https:\/\/petrazabcic.art\/wp-content\/uploads\/2021\/05\/Petra-Zabcic-art-LOGO-1.png\",\"contentUrl\":\"https:\/\/petrazabcic.art\/wp-content\/uploads\/2021\/05\/Petra-Zabcic-art-LOGO-1.png\",\"width\":300,\"height\":300,\"caption\":\"Petra \u017dab\u010di\u0107 art\"},\"image\":{\"@id\":\"https:\/\/petrazabcic.art\/en\/#\/schema\/logo\/image\/\"},\"sameAs\":[\"https:\/\/www.facebook.com\/petra.zabcic\",\"https:\/\/www.instagram.com\/petrazabcic.art\/\"]}]}<\/script>\n<!-- \/ Yoast SEO plugin. -->","yoast_head_json":{"title":"bird brooch \u2013pink - Petra \u017dab\u010di\u0107 ART","robots":{"index":"index","follow":"follow","max-snippet":"max-snippet:-1","max-image-preview":"max-image-preview:large","max-video-preview":"max-video-preview:-1"},"canonical":"https:\/\/petrazabcic.art\/en\/product\/bros-ptic-pink\/","og_locale":"en_US","og_type":"article","og_title":"bird brooch \u2013pink - Petra \u017dab\u010di\u0107 ART","og_description":"Each brooch is painted by hand and this makes it unique, so there may be slight differences between the brooches. They are made of wood and painted with acrylic colors. The brooches are made in small and limited series. Avoid contact with water! *depending on your monitor settings, product colors may differ from the photos on the website.  DIMENSIONS:  6,5 x 4,4 cm","og_url":"https:\/\/petrazabcic.art\/en\/product\/bros-ptic-pink\/","og_site_name":"Petra \u017dab\u010di\u0107 ART","article_publisher":"https:\/\/www.facebook.com\/petra.zabcic","article_modified_time":"2025-09-04T13:11:19+00:00","og_image":[{"width":2160,"height":1498,"url":"https:\/\/petrazabcic.art\/wp-content\/uploads\/BROSIC-PTICA-pink.jpg","type":"image\/jpeg"}],"twitter_card":"summary_large_image","twitter_misc":{"Est. reading time":"1 minute"},"schema":{"@context":"https:\/\/schema.org","@graph":[{"@type":"WebPage","@id":"https:\/\/petrazabcic.art\/en\/product\/bros-ptic-pink\/","url":"https:\/\/petrazabcic.art\/en\/product\/bros-ptic-pink\/","name":"bird brooch \u2013pink - Petra \u017dab\u010di\u0107 ART","isPartOf":{"@id":"https:\/\/petrazabcic.art\/en\/#website"},"primaryImageOfPage":{"@id":"https:\/\/petrazabcic.art\/en\/product\/bros-ptic-pink\/#primaryimage"},"image":{"@id":"https:\/\/petrazabcic.art\/en\/product\/bros-ptic-pink\/#primaryimage"},"thumbnailUrl":"https:\/\/petrazabcic.art\/wp-content\/uploads\/BROSIC-PTICA-pink.jpg","datePublished":"2025-09-04T13:09:30+00:00","dateModified":"2025-09-04T13:11:19+00:00","breadcrumb":{"@id":"https:\/\/petrazabcic.art\/en\/product\/bros-ptic-pink\/#breadcrumb"},"inLanguage":"en-US","potentialAction":[{"@type":"ReadAction","target":["https:\/\/petrazabcic.art\/en\/product\/bros-ptic-pink\/"]}]},{"@type":"ImageObject","inLanguage":"en-US","@id":"https:\/\/petrazabcic.art\/en\/product\/bros-ptic-pink\/#primaryimage","url":"https:\/\/petrazabcic.art\/wp-content\/uploads\/BROSIC-PTICA-pink.jpg","contentUrl":"https:\/\/petrazabcic.art\/wp-content\/uploads\/BROSIC-PTICA-pink.jpg","width":2160,"height":1498},{"@type":"BreadcrumbList","@id":"https:\/\/petrazabcic.art\/en\/product\/bros-ptic-pink\/#breadcrumb","itemListElement":[{"@type":"ListItem","position":1,"name":"Po\u010detna stranica","item":"https:\/\/petrazabcic.art\/"},{"@type":"ListItem","position":2,"name":"Shop","item":"https:\/\/petrazabcic.art\/en\/shop\/"},{"@type":"ListItem","position":3,"name":"bird brooch \u2013pink"}]},{"@type":"WebSite","@id":"https:\/\/petrazabcic.art\/en\/#website","url":"https:\/\/petrazabcic.art\/en\/","name":"Petra \u017dab\u010di\u0107 ART","description":"__SLIKE__ILUSTRACIJE__NAKIT__","publisher":{"@id":"https:\/\/petrazabcic.art\/en\/#organization"},"potentialAction":[{"@type":"SearchAction","target":{"@type":"EntryPoint","urlTemplate":"https:\/\/petrazabcic.art\/en\/?s={search_term_string}"},"query-input":{"@type":"PropertyValueSpecification","valueRequired":true,"valueName":"search_term_string"}}],"inLanguage":"en-US"},{"@type":"Organization","@id":"https:\/\/petrazabcic.art\/en\/#organization","name":"Petra \u017dab\u010di\u0107 art","url":"https:\/\/petrazabcic.art\/en\/","logo":{"@type":"ImageObject","inLanguage":"en-US","@id":"https:\/\/petrazabcic.art\/en\/#\/schema\/logo\/image\/","url":"https:\/\/petrazabcic.art\/wp-content\/uploads\/2021\/05\/Petra-Zabcic-art-LOGO-1.png","contentUrl":"https:\/\/petrazabcic.art\/wp-content\/uploads\/2021\/05\/Petra-Zabcic-art-LOGO-1.png","width":300,"height":300,"caption":"Petra \u017dab\u010di\u0107 art"},"image":{"@id":"https:\/\/petrazabcic.art\/en\/#\/schema\/logo\/image\/"},"sameAs":["https:\/\/www.facebook.com\/petra.zabcic","https:\/\/www.instagram.com\/petrazabcic.art\/"]}]}},"_links":{"self":[{"href":"https:\/\/petrazabcic.art\/en\/wp-json\/wp\/v2\/product\/8424","targetHints":{"allow":["GET"]}}],"collection":[{"href":"https:\/\/petrazabcic.art\/en\/wp-json\/wp\/v2\/product"}],"about":[{"href":"https:\/\/petrazabcic.art\/en\/wp-json\/wp\/v2\/types\/product"}],"wp:featuredmedia":[{"embeddable":true,"href":"https:\/\/petrazabcic.art\/en\/wp-json\/wp\/v2\/media\/8423"}],"wp:attachment":[{"href":"https:\/\/petrazabcic.art\/en\/wp-json\/wp\/v2\/media?parent=8424"}],"wp:term":[{"taxonomy":"product_brand","embeddable":true,"href":"https:\/\/petrazabcic.art\/en\/wp-json\/wp\/v2\/product_brand?post=8424"},{"taxonomy":"product_cat","embeddable":true,"href":"https:\/\/petrazabcic.art\/en\/wp-json\/wp\/v2\/product_cat?post=8424"},{"taxonomy":"product_tag","embeddable":true,"href":"https:\/\/petrazabcic.art\/en\/wp-json\/wp\/v2\/product_tag?post=8424"}],"curies":[{"name":"wp","href":"https:\/\/api.w.org\/{rel}","templated":true}]}}