{"id":8076,"date":"2024-11-06T14:56:14","date_gmt":"2024-11-06T14:56:14","guid":{"rendered":"https:\/\/petrazabcic.art\/product\/bros-lija\/"},"modified":"2024-11-06T14:59:26","modified_gmt":"2024-11-06T14:59:26","slug":"bros-lija","status":"publish","type":"product","link":"https:\/\/petrazabcic.art\/en\/product\/bros-lija\/","title":{"rendered":"fox brooch"},"content":{"rendered":"<p>Each brooch is painted by hand and this makes it unique, so there may be slight differences between the brooches. They are made of wood and painted with acrylic colors.<br \/>\nThe brooches are made in small and limited series.<br \/>\nAvoid contact with water!<br \/>\n*depending on your monitor settings, product colors may differ from the photos on the website.<\/p>\n<p>DIMENSIONS:<\/p>\n<p>7,7 x 4,3 cm<\/p>\n","protected":false},"excerpt":{"rendered":"<p>Each brooch is painted by hand and this makes it unique, so there may be slight differences between the brooches. They are made of wood and painted with acrylic colors.<br \/>\nThe brooches are made in small and limited series.<br \/>\nAvoid contact with water!<br \/>\n*depending on your monitor settings, product colors may differ from the photos on the website.<\/p>\n<p>DIMENSIONS:<\/p>\n<p>7,7 x 4,3 cm<\/p>\n","protected":false},"featured_media":8092,"template":"","meta":[],"product_brand":[],"product_cat":[121,136,75],"product_tag":[],"class_list":{"0":"post-8076","1":"product","2":"type-product","3":"status-publish","4":"has-post-thumbnail","6":"product_cat-brooches-en","7":"product_cat-bros-lija-en","8":"product_cat-jewelry","10":"first","11":"outofstock","12":"shipping-taxable","13":"purchasable","14":"product-type-simple"},"yoast_head":"<!-- This site is optimized with the Yoast SEO plugin v25.0 - https:\/\/yoast.com\/wordpress\/plugins\/seo\/ -->\n<title>fox brooch - Petra \u017dab\u010di\u0107 ART<\/title>\n<meta name=\"robots\" content=\"index, follow, max-snippet:-1, max-image-preview:large, max-video-preview:-1\" \/>\n<link rel=\"canonical\" href=\"https:\/\/petrazabcic.art\/en\/product\/bros-lija\/\" \/>\n<meta property=\"og:locale\" content=\"en_US\" \/>\n<meta property=\"og:type\" content=\"article\" \/>\n<meta property=\"og:title\" content=\"fox brooch - Petra \u017dab\u010di\u0107 ART\" \/>\n<meta property=\"og:description\" content=\"Each brooch is painted by hand and this makes it unique, so there may be slight differences between the brooches. They are made of wood and painted with acrylic colors. The brooches are made in small and limited series. Avoid contact with water! *depending on your monitor settings, product colors may differ from the photos on the website.  DIMENSIONS:  7,7 x 4,3 cm\" \/>\n<meta property=\"og:url\" content=\"https:\/\/petrazabcic.art\/en\/product\/bros-lija\/\" \/>\n<meta property=\"og:site_name\" content=\"Petra \u017dab\u010di\u0107 ART\" \/>\n<meta property=\"article:publisher\" content=\"https:\/\/www.facebook.com\/petra.zabcic\" \/>\n<meta property=\"article:modified_time\" content=\"2024-11-06T14:59:26+00:00\" \/>\n<meta property=\"og:image\" content=\"https:\/\/petrazabcic.art\/wp-content\/uploads\/lija-bros-1.jpg\" \/>\n\t<meta property=\"og:image:width\" content=\"2160\" \/>\n\t<meta property=\"og:image:height\" content=\"1536\" \/>\n\t<meta property=\"og:image:type\" content=\"image\/jpeg\" \/>\n<meta name=\"twitter:card\" content=\"summary_large_image\" \/>\n<meta name=\"twitter:label1\" content=\"Est. reading time\" \/>\n\t<meta name=\"twitter:data1\" content=\"1 minute\" \/>\n<script type=\"application\/ld+json\" class=\"yoast-schema-graph\">{\"@context\":\"https:\/\/schema.org\",\"@graph\":[{\"@type\":\"WebPage\",\"@id\":\"https:\/\/petrazabcic.art\/en\/product\/bros-lija\/\",\"url\":\"https:\/\/petrazabcic.art\/en\/product\/bros-lija\/\",\"name\":\"fox brooch - Petra \u017dab\u010di\u0107 ART\",\"isPartOf\":{\"@id\":\"https:\/\/petrazabcic.art\/en\/#website\"},\"primaryImageOfPage\":{\"@id\":\"https:\/\/petrazabcic.art\/en\/product\/bros-lija\/#primaryimage\"},\"image\":{\"@id\":\"https:\/\/petrazabcic.art\/en\/product\/bros-lija\/#primaryimage\"},\"thumbnailUrl\":\"https:\/\/petrazabcic.art\/wp-content\/uploads\/lija-bros.jpg\",\"datePublished\":\"2024-11-06T14:56:14+00:00\",\"dateModified\":\"2024-11-06T14:59:26+00:00\",\"breadcrumb\":{\"@id\":\"https:\/\/petrazabcic.art\/en\/product\/bros-lija\/#breadcrumb\"},\"inLanguage\":\"en-US\",\"potentialAction\":[{\"@type\":\"ReadAction\",\"target\":[\"https:\/\/petrazabcic.art\/en\/product\/bros-lija\/\"]}]},{\"@type\":\"ImageObject\",\"inLanguage\":\"en-US\",\"@id\":\"https:\/\/petrazabcic.art\/en\/product\/bros-lija\/#primaryimage\",\"url\":\"https:\/\/petrazabcic.art\/wp-content\/uploads\/lija-bros.jpg\",\"contentUrl\":\"https:\/\/petrazabcic.art\/wp-content\/uploads\/lija-bros.jpg\",\"width\":2160,\"height\":1536},{\"@type\":\"BreadcrumbList\",\"@id\":\"https:\/\/petrazabcic.art\/en\/product\/bros-lija\/#breadcrumb\",\"itemListElement\":[{\"@type\":\"ListItem\",\"position\":1,\"name\":\"Po\u010detna stranica\",\"item\":\"https:\/\/petrazabcic.art\/\"},{\"@type\":\"ListItem\",\"position\":2,\"name\":\"Shop\",\"item\":\"https:\/\/petrazabcic.art\/en\/shop\/\"},{\"@type\":\"ListItem\",\"position\":3,\"name\":\"fox brooch\"}]},{\"@type\":\"WebSite\",\"@id\":\"https:\/\/petrazabcic.art\/en\/#website\",\"url\":\"https:\/\/petrazabcic.art\/en\/\",\"name\":\"Petra \u017dab\u010di\u0107 ART\",\"description\":\"__SLIKE__ILUSTRACIJE__NAKIT__\",\"publisher\":{\"@id\":\"https:\/\/petrazabcic.art\/en\/#organization\"},\"potentialAction\":[{\"@type\":\"SearchAction\",\"target\":{\"@type\":\"EntryPoint\",\"urlTemplate\":\"https:\/\/petrazabcic.art\/en\/?s={search_term_string}\"},\"query-input\":{\"@type\":\"PropertyValueSpecification\",\"valueRequired\":true,\"valueName\":\"search_term_string\"}}],\"inLanguage\":\"en-US\"},{\"@type\":\"Organization\",\"@id\":\"https:\/\/petrazabcic.art\/en\/#organization\",\"name\":\"Petra \u017dab\u010di\u0107 art\",\"url\":\"https:\/\/petrazabcic.art\/en\/\",\"logo\":{\"@type\":\"ImageObject\",\"inLanguage\":\"en-US\",\"@id\":\"https:\/\/petrazabcic.art\/en\/#\/schema\/logo\/image\/\",\"url\":\"https:\/\/petrazabcic.art\/wp-content\/uploads\/2021\/05\/Petra-Zabcic-art-LOGO-1.png\",\"contentUrl\":\"https:\/\/petrazabcic.art\/wp-content\/uploads\/2021\/05\/Petra-Zabcic-art-LOGO-1.png\",\"width\":300,\"height\":300,\"caption\":\"Petra \u017dab\u010di\u0107 art\"},\"image\":{\"@id\":\"https:\/\/petrazabcic.art\/en\/#\/schema\/logo\/image\/\"},\"sameAs\":[\"https:\/\/www.facebook.com\/petra.zabcic\",\"https:\/\/www.instagram.com\/petrazabcic.art\/\"]}]}<\/script>\n<!-- \/ Yoast SEO plugin. -->","yoast_head_json":{"title":"fox brooch - Petra \u017dab\u010di\u0107 ART","robots":{"index":"index","follow":"follow","max-snippet":"max-snippet:-1","max-image-preview":"max-image-preview:large","max-video-preview":"max-video-preview:-1"},"canonical":"https:\/\/petrazabcic.art\/en\/product\/bros-lija\/","og_locale":"en_US","og_type":"article","og_title":"fox brooch - Petra \u017dab\u010di\u0107 ART","og_description":"Each brooch is painted by hand and this makes it unique, so there may be slight differences between the brooches. They are made of wood and painted with acrylic colors. The brooches are made in small and limited series. Avoid contact with water! *depending on your monitor settings, product colors may differ from the photos on the website.  DIMENSIONS:  7,7 x 4,3 cm","og_url":"https:\/\/petrazabcic.art\/en\/product\/bros-lija\/","og_site_name":"Petra \u017dab\u010di\u0107 ART","article_publisher":"https:\/\/www.facebook.com\/petra.zabcic","article_modified_time":"2024-11-06T14:59:26+00:00","og_image":[{"width":2160,"height":1536,"url":"https:\/\/petrazabcic.art\/wp-content\/uploads\/lija-bros-1.jpg","type":"image\/jpeg"}],"twitter_card":"summary_large_image","twitter_misc":{"Est. reading time":"1 minute"},"schema":{"@context":"https:\/\/schema.org","@graph":[{"@type":"WebPage","@id":"https:\/\/petrazabcic.art\/en\/product\/bros-lija\/","url":"https:\/\/petrazabcic.art\/en\/product\/bros-lija\/","name":"fox brooch - Petra \u017dab\u010di\u0107 ART","isPartOf":{"@id":"https:\/\/petrazabcic.art\/en\/#website"},"primaryImageOfPage":{"@id":"https:\/\/petrazabcic.art\/en\/product\/bros-lija\/#primaryimage"},"image":{"@id":"https:\/\/petrazabcic.art\/en\/product\/bros-lija\/#primaryimage"},"thumbnailUrl":"https:\/\/petrazabcic.art\/wp-content\/uploads\/lija-bros.jpg","datePublished":"2024-11-06T14:56:14+00:00","dateModified":"2024-11-06T14:59:26+00:00","breadcrumb":{"@id":"https:\/\/petrazabcic.art\/en\/product\/bros-lija\/#breadcrumb"},"inLanguage":"en-US","potentialAction":[{"@type":"ReadAction","target":["https:\/\/petrazabcic.art\/en\/product\/bros-lija\/"]}]},{"@type":"ImageObject","inLanguage":"en-US","@id":"https:\/\/petrazabcic.art\/en\/product\/bros-lija\/#primaryimage","url":"https:\/\/petrazabcic.art\/wp-content\/uploads\/lija-bros.jpg","contentUrl":"https:\/\/petrazabcic.art\/wp-content\/uploads\/lija-bros.jpg","width":2160,"height":1536},{"@type":"BreadcrumbList","@id":"https:\/\/petrazabcic.art\/en\/product\/bros-lija\/#breadcrumb","itemListElement":[{"@type":"ListItem","position":1,"name":"Po\u010detna stranica","item":"https:\/\/petrazabcic.art\/"},{"@type":"ListItem","position":2,"name":"Shop","item":"https:\/\/petrazabcic.art\/en\/shop\/"},{"@type":"ListItem","position":3,"name":"fox brooch"}]},{"@type":"WebSite","@id":"https:\/\/petrazabcic.art\/en\/#website","url":"https:\/\/petrazabcic.art\/en\/","name":"Petra \u017dab\u010di\u0107 ART","description":"__SLIKE__ILUSTRACIJE__NAKIT__","publisher":{"@id":"https:\/\/petrazabcic.art\/en\/#organization"},"potentialAction":[{"@type":"SearchAction","target":{"@type":"EntryPoint","urlTemplate":"https:\/\/petrazabcic.art\/en\/?s={search_term_string}"},"query-input":{"@type":"PropertyValueSpecification","valueRequired":true,"valueName":"search_term_string"}}],"inLanguage":"en-US"},{"@type":"Organization","@id":"https:\/\/petrazabcic.art\/en\/#organization","name":"Petra \u017dab\u010di\u0107 art","url":"https:\/\/petrazabcic.art\/en\/","logo":{"@type":"ImageObject","inLanguage":"en-US","@id":"https:\/\/petrazabcic.art\/en\/#\/schema\/logo\/image\/","url":"https:\/\/petrazabcic.art\/wp-content\/uploads\/2021\/05\/Petra-Zabcic-art-LOGO-1.png","contentUrl":"https:\/\/petrazabcic.art\/wp-content\/uploads\/2021\/05\/Petra-Zabcic-art-LOGO-1.png","width":300,"height":300,"caption":"Petra \u017dab\u010di\u0107 art"},"image":{"@id":"https:\/\/petrazabcic.art\/en\/#\/schema\/logo\/image\/"},"sameAs":["https:\/\/www.facebook.com\/petra.zabcic","https:\/\/www.instagram.com\/petrazabcic.art\/"]}]}},"_links":{"self":[{"href":"https:\/\/petrazabcic.art\/en\/wp-json\/wp\/v2\/product\/8076","targetHints":{"allow":["GET"]}}],"collection":[{"href":"https:\/\/petrazabcic.art\/en\/wp-json\/wp\/v2\/product"}],"about":[{"href":"https:\/\/petrazabcic.art\/en\/wp-json\/wp\/v2\/types\/product"}],"wp:featuredmedia":[{"embeddable":true,"href":"https:\/\/petrazabcic.art\/en\/wp-json\/wp\/v2\/media\/8092"}],"wp:attachment":[{"href":"https:\/\/petrazabcic.art\/en\/wp-json\/wp\/v2\/media?parent=8076"}],"wp:term":[{"taxonomy":"product_brand","embeddable":true,"href":"https:\/\/petrazabcic.art\/en\/wp-json\/wp\/v2\/product_brand?post=8076"},{"taxonomy":"product_cat","embeddable":true,"href":"https:\/\/petrazabcic.art\/en\/wp-json\/wp\/v2\/product_cat?post=8076"},{"taxonomy":"product_tag","embeddable":true,"href":"https:\/\/petrazabcic.art\/en\/wp-json\/wp\/v2\/product_tag?post=8076"}],"curies":[{"name":"wp","href":"https:\/\/api.w.org\/{rel}","templated":true}]}}