{"id":7688,"date":"2024-03-01T08:31:11","date_gmt":"2024-03-01T08:31:11","guid":{"rendered":"https:\/\/petrazabcic.art\/product\/ogrlica-balon-grey\/"},"modified":"2024-09-16T12:05:40","modified_gmt":"2024-09-16T12:05:40","slug":"ogrlica-balon-grey","status":"publish","type":"product","link":"https:\/\/petrazabcic.art\/en\/product\/ogrlica-balon-grey\/","title":{"rendered":"necklace balloon \u2013 grey"},"content":{"rendered":"<p>Each necklace is painted by hand and this makes it unique so there may be little differences between the necklaces. They are made out of wood.<br \/>\nThe necklaces are made in small and limited series.<br \/>\nAvoid contact with water!<br \/>\n*Depending on the settings of your monitor, there may be differences in the colors of the product compared to the photos on the website.<\/p>\n","protected":false},"excerpt":{"rendered":"<p>Each necklace is painted by hand and this makes it unique so there may be little differences between the necklaces. They are made out of wood.<br \/>\nThe necklaces are made in small and limited series.<br \/>\nAvoid contact with water!<br \/>\n*Depending on the settings of your monitor, there may be differences in the colors of the product compared to the photos on the website.<\/p>\n","protected":false},"featured_media":7649,"template":"","meta":[],"product_brand":[],"product_cat":[75,79,135,118],"product_tag":[],"class_list":{"0":"post-7688","1":"product","2":"type-product","3":"status-publish","4":"has-post-thumbnail","6":"product_cat-jewelry","7":"product_cat-necklace-on-a-long-chain","8":"product_cat-necklaces","9":"product_cat-ogrlica-balon-en","11":"first","12":"outofstock","13":"shipping-taxable","14":"purchasable","15":"product-type-simple"},"yoast_head":"<!-- This site is optimized with the Yoast SEO plugin v25.0 - https:\/\/yoast.com\/wordpress\/plugins\/seo\/ -->\n<title>necklace balloon \u2013 grey - Petra \u017dab\u010di\u0107 ART<\/title>\n<meta name=\"robots\" content=\"index, follow, max-snippet:-1, max-image-preview:large, max-video-preview:-1\" \/>\n<link rel=\"canonical\" href=\"https:\/\/petrazabcic.art\/en\/product\/ogrlica-balon-grey\/\" \/>\n<meta property=\"og:locale\" content=\"en_US\" \/>\n<meta property=\"og:type\" content=\"article\" \/>\n<meta property=\"og:title\" content=\"necklace balloon \u2013 grey - Petra \u017dab\u010di\u0107 ART\" \/>\n<meta property=\"og:description\" content=\"Each necklace is painted by hand and this makes it unique so there may be little differences between the necklaces. They are made out of wood. The necklaces are made in small and limited series. Avoid contact with water! *Depending on the settings of your monitor, there may be differences in the colors of the product compared to the photos on the website.\" \/>\n<meta property=\"og:url\" content=\"https:\/\/petrazabcic.art\/en\/product\/ogrlica-balon-grey\/\" \/>\n<meta property=\"og:site_name\" content=\"Petra \u017dab\u010di\u0107 ART\" \/>\n<meta property=\"article:publisher\" content=\"https:\/\/www.facebook.com\/petra.zabcic\" \/>\n<meta property=\"article:modified_time\" content=\"2024-09-16T12:05:40+00:00\" \/>\n<meta property=\"og:image\" content=\"https:\/\/petrazabcic.art\/wp-content\/uploads\/balon.jpg\" \/>\n\t<meta property=\"og:image:width\" content=\"2160\" \/>\n\t<meta property=\"og:image:height\" content=\"1666\" \/>\n\t<meta property=\"og:image:type\" content=\"image\/jpeg\" \/>\n<meta name=\"twitter:card\" content=\"summary_large_image\" \/>\n<meta name=\"twitter:label1\" content=\"Est. reading time\" \/>\n\t<meta name=\"twitter:data1\" content=\"1 minute\" \/>\n<script type=\"application\/ld+json\" class=\"yoast-schema-graph\">{\"@context\":\"https:\/\/schema.org\",\"@graph\":[{\"@type\":\"WebPage\",\"@id\":\"https:\/\/petrazabcic.art\/en\/product\/ogrlica-balon-grey\/\",\"url\":\"https:\/\/petrazabcic.art\/en\/product\/ogrlica-balon-grey\/\",\"name\":\"necklace balloon \u2013 grey - Petra \u017dab\u010di\u0107 ART\",\"isPartOf\":{\"@id\":\"https:\/\/petrazabcic.art\/en\/#website\"},\"primaryImageOfPage\":{\"@id\":\"https:\/\/petrazabcic.art\/en\/product\/ogrlica-balon-grey\/#primaryimage\"},\"image\":{\"@id\":\"https:\/\/petrazabcic.art\/en\/product\/ogrlica-balon-grey\/#primaryimage\"},\"thumbnailUrl\":\"https:\/\/petrazabcic.art\/wp-content\/uploads\/balon.jpg\",\"datePublished\":\"2024-03-01T08:31:11+00:00\",\"dateModified\":\"2024-09-16T12:05:40+00:00\",\"breadcrumb\":{\"@id\":\"https:\/\/petrazabcic.art\/en\/product\/ogrlica-balon-grey\/#breadcrumb\"},\"inLanguage\":\"en-US\",\"potentialAction\":[{\"@type\":\"ReadAction\",\"target\":[\"https:\/\/petrazabcic.art\/en\/product\/ogrlica-balon-grey\/\"]}]},{\"@type\":\"ImageObject\",\"inLanguage\":\"en-US\",\"@id\":\"https:\/\/petrazabcic.art\/en\/product\/ogrlica-balon-grey\/#primaryimage\",\"url\":\"https:\/\/petrazabcic.art\/wp-content\/uploads\/balon.jpg\",\"contentUrl\":\"https:\/\/petrazabcic.art\/wp-content\/uploads\/balon.jpg\",\"width\":2160,\"height\":1666},{\"@type\":\"BreadcrumbList\",\"@id\":\"https:\/\/petrazabcic.art\/en\/product\/ogrlica-balon-grey\/#breadcrumb\",\"itemListElement\":[{\"@type\":\"ListItem\",\"position\":1,\"name\":\"Po\u010detna stranica\",\"item\":\"https:\/\/petrazabcic.art\/\"},{\"@type\":\"ListItem\",\"position\":2,\"name\":\"Shop\",\"item\":\"https:\/\/petrazabcic.art\/en\/shop\/\"},{\"@type\":\"ListItem\",\"position\":3,\"name\":\"necklace balloon \u2013 grey\"}]},{\"@type\":\"WebSite\",\"@id\":\"https:\/\/petrazabcic.art\/en\/#website\",\"url\":\"https:\/\/petrazabcic.art\/en\/\",\"name\":\"Petra \u017dab\u010di\u0107 ART\",\"description\":\"__SLIKE__ILUSTRACIJE__NAKIT__\",\"publisher\":{\"@id\":\"https:\/\/petrazabcic.art\/en\/#organization\"},\"potentialAction\":[{\"@type\":\"SearchAction\",\"target\":{\"@type\":\"EntryPoint\",\"urlTemplate\":\"https:\/\/petrazabcic.art\/en\/?s={search_term_string}\"},\"query-input\":{\"@type\":\"PropertyValueSpecification\",\"valueRequired\":true,\"valueName\":\"search_term_string\"}}],\"inLanguage\":\"en-US\"},{\"@type\":\"Organization\",\"@id\":\"https:\/\/petrazabcic.art\/en\/#organization\",\"name\":\"Petra \u017dab\u010di\u0107 art\",\"url\":\"https:\/\/petrazabcic.art\/en\/\",\"logo\":{\"@type\":\"ImageObject\",\"inLanguage\":\"en-US\",\"@id\":\"https:\/\/petrazabcic.art\/en\/#\/schema\/logo\/image\/\",\"url\":\"https:\/\/petrazabcic.art\/wp-content\/uploads\/2021\/05\/Petra-Zabcic-art-LOGO-1.png\",\"contentUrl\":\"https:\/\/petrazabcic.art\/wp-content\/uploads\/2021\/05\/Petra-Zabcic-art-LOGO-1.png\",\"width\":300,\"height\":300,\"caption\":\"Petra \u017dab\u010di\u0107 art\"},\"image\":{\"@id\":\"https:\/\/petrazabcic.art\/en\/#\/schema\/logo\/image\/\"},\"sameAs\":[\"https:\/\/www.facebook.com\/petra.zabcic\",\"https:\/\/www.instagram.com\/petrazabcic.art\/\"]}]}<\/script>\n<!-- \/ Yoast SEO plugin. -->","yoast_head_json":{"title":"necklace balloon \u2013 grey - Petra \u017dab\u010di\u0107 ART","robots":{"index":"index","follow":"follow","max-snippet":"max-snippet:-1","max-image-preview":"max-image-preview:large","max-video-preview":"max-video-preview:-1"},"canonical":"https:\/\/petrazabcic.art\/en\/product\/ogrlica-balon-grey\/","og_locale":"en_US","og_type":"article","og_title":"necklace balloon \u2013 grey - Petra \u017dab\u010di\u0107 ART","og_description":"Each necklace is painted by hand and this makes it unique so there may be little differences between the necklaces. They are made out of wood. The necklaces are made in small and limited series. Avoid contact with water! *Depending on the settings of your monitor, there may be differences in the colors of the product compared to the photos on the website.","og_url":"https:\/\/petrazabcic.art\/en\/product\/ogrlica-balon-grey\/","og_site_name":"Petra \u017dab\u010di\u0107 ART","article_publisher":"https:\/\/www.facebook.com\/petra.zabcic","article_modified_time":"2024-09-16T12:05:40+00:00","og_image":[{"width":2160,"height":1666,"url":"https:\/\/petrazabcic.art\/wp-content\/uploads\/balon.jpg","type":"image\/jpeg"}],"twitter_card":"summary_large_image","twitter_misc":{"Est. reading time":"1 minute"},"schema":{"@context":"https:\/\/schema.org","@graph":[{"@type":"WebPage","@id":"https:\/\/petrazabcic.art\/en\/product\/ogrlica-balon-grey\/","url":"https:\/\/petrazabcic.art\/en\/product\/ogrlica-balon-grey\/","name":"necklace balloon \u2013 grey - Petra \u017dab\u010di\u0107 ART","isPartOf":{"@id":"https:\/\/petrazabcic.art\/en\/#website"},"primaryImageOfPage":{"@id":"https:\/\/petrazabcic.art\/en\/product\/ogrlica-balon-grey\/#primaryimage"},"image":{"@id":"https:\/\/petrazabcic.art\/en\/product\/ogrlica-balon-grey\/#primaryimage"},"thumbnailUrl":"https:\/\/petrazabcic.art\/wp-content\/uploads\/balon.jpg","datePublished":"2024-03-01T08:31:11+00:00","dateModified":"2024-09-16T12:05:40+00:00","breadcrumb":{"@id":"https:\/\/petrazabcic.art\/en\/product\/ogrlica-balon-grey\/#breadcrumb"},"inLanguage":"en-US","potentialAction":[{"@type":"ReadAction","target":["https:\/\/petrazabcic.art\/en\/product\/ogrlica-balon-grey\/"]}]},{"@type":"ImageObject","inLanguage":"en-US","@id":"https:\/\/petrazabcic.art\/en\/product\/ogrlica-balon-grey\/#primaryimage","url":"https:\/\/petrazabcic.art\/wp-content\/uploads\/balon.jpg","contentUrl":"https:\/\/petrazabcic.art\/wp-content\/uploads\/balon.jpg","width":2160,"height":1666},{"@type":"BreadcrumbList","@id":"https:\/\/petrazabcic.art\/en\/product\/ogrlica-balon-grey\/#breadcrumb","itemListElement":[{"@type":"ListItem","position":1,"name":"Po\u010detna stranica","item":"https:\/\/petrazabcic.art\/"},{"@type":"ListItem","position":2,"name":"Shop","item":"https:\/\/petrazabcic.art\/en\/shop\/"},{"@type":"ListItem","position":3,"name":"necklace balloon \u2013 grey"}]},{"@type":"WebSite","@id":"https:\/\/petrazabcic.art\/en\/#website","url":"https:\/\/petrazabcic.art\/en\/","name":"Petra \u017dab\u010di\u0107 ART","description":"__SLIKE__ILUSTRACIJE__NAKIT__","publisher":{"@id":"https:\/\/petrazabcic.art\/en\/#organization"},"potentialAction":[{"@type":"SearchAction","target":{"@type":"EntryPoint","urlTemplate":"https:\/\/petrazabcic.art\/en\/?s={search_term_string}"},"query-input":{"@type":"PropertyValueSpecification","valueRequired":true,"valueName":"search_term_string"}}],"inLanguage":"en-US"},{"@type":"Organization","@id":"https:\/\/petrazabcic.art\/en\/#organization","name":"Petra \u017dab\u010di\u0107 art","url":"https:\/\/petrazabcic.art\/en\/","logo":{"@type":"ImageObject","inLanguage":"en-US","@id":"https:\/\/petrazabcic.art\/en\/#\/schema\/logo\/image\/","url":"https:\/\/petrazabcic.art\/wp-content\/uploads\/2021\/05\/Petra-Zabcic-art-LOGO-1.png","contentUrl":"https:\/\/petrazabcic.art\/wp-content\/uploads\/2021\/05\/Petra-Zabcic-art-LOGO-1.png","width":300,"height":300,"caption":"Petra \u017dab\u010di\u0107 art"},"image":{"@id":"https:\/\/petrazabcic.art\/en\/#\/schema\/logo\/image\/"},"sameAs":["https:\/\/www.facebook.com\/petra.zabcic","https:\/\/www.instagram.com\/petrazabcic.art\/"]}]}},"_links":{"self":[{"href":"https:\/\/petrazabcic.art\/en\/wp-json\/wp\/v2\/product\/7688","targetHints":{"allow":["GET"]}}],"collection":[{"href":"https:\/\/petrazabcic.art\/en\/wp-json\/wp\/v2\/product"}],"about":[{"href":"https:\/\/petrazabcic.art\/en\/wp-json\/wp\/v2\/types\/product"}],"wp:featuredmedia":[{"embeddable":true,"href":"https:\/\/petrazabcic.art\/en\/wp-json\/wp\/v2\/media\/7649"}],"wp:attachment":[{"href":"https:\/\/petrazabcic.art\/en\/wp-json\/wp\/v2\/media?parent=7688"}],"wp:term":[{"taxonomy":"product_brand","embeddable":true,"href":"https:\/\/petrazabcic.art\/en\/wp-json\/wp\/v2\/product_brand?post=7688"},{"taxonomy":"product_cat","embeddable":true,"href":"https:\/\/petrazabcic.art\/en\/wp-json\/wp\/v2\/product_cat?post=7688"},{"taxonomy":"product_tag","embeddable":true,"href":"https:\/\/petrazabcic.art\/en\/wp-json\/wp\/v2\/product_tag?post=7688"}],"curies":[{"name":"wp","href":"https:\/\/api.w.org\/{rel}","templated":true}]}}