{"id":5212,"date":"2021-07-09T13:44:54","date_gmt":"2021-07-09T13:44:54","guid":{"rendered":"https:\/\/petrazabcic.art\/zastita-osobnih-podataka\/"},"modified":"2021-07-13T18:09:16","modified_gmt":"2021-07-13T18:09:16","slug":"privacy-policy","status":"publish","type":"page","link":"https:\/\/petrazabcic.art\/en\/privacy-policy\/","title":{"rendered":"Privacy policy"},"content":{"rendered":"<p>[vc_row][vc_column][vc_column_text]Ova izjava o povjerljivosti podataka odnosi se na povjerljivost podataka koji se nalaze na Internet stranici www.petrazabcic.art i koje su kori\u0161tenjem te stranice prikupljene i pohranjene u bazama podataka Petra \u017dab\u010di\u0107 art, obrta za umjetni\u010dko stvarala\u0161tvo.<\/p>\n<p>Petra \u017dab\u010di\u0107 art kao pru\u017eatelj usluga Internetske stranice www.petrazabcic.art pridr\u017eava se zakonskih propisa sa ciljem za\u0161tite privatnosti korisnika.<\/p>\n<p>Upu\u0107uju se Krajnji korisnici da pro\u010ditaju sve navedeno na ovoj stranici kako bi lak\u0161e razumjeli koje informacije Petra \u017dab\u010di\u0107 art prikuplja i kako ih koristi.<\/p>\n<p>Krajnji korisnik koji ima bilo kakva pitanja u vezi povjerljivosti podataka mo\u017ee poslati e-mail na <a href=\"mailto:info@petrazabcic.art\">info@petrazabcic.art<\/a>.<\/p>\n<p>&nbsp;<\/p>\n<p>Ovu izjavu o povjerljivosti podataka Petra \u017dab\u010di\u0107 art mo\u017ee izmijeniti u bilo kojem trenutku objavljivanjem izmijenjenog teksta izjave o povjerljivosti podataka u dijelu \u201c\u201dPovjerljivost podataka\u201d\u201d na Internet stranici. Izmjene izjave o povjerljivosti podataka stupa na snagu odmah nakon objave na Internetskoj stranici www.petrazabcic.art<\/p>\n<p>Svaki Krajnji korisnik sam je odgovoran i du\u017ean periodi\u010dno pregledati ovu stranicu i prou\u010diti bilo kakve promjene u Izjavi o povjerljivosti podataka. Nastavak uporabe ove Internetske stranice od strane Krajnjeg korisnika nakon stupanja na snagu takvih izmjena, podrazumijeva da Krajnji korisnik potvr\u0111uje i prihva\u0107a sve uvjete tako izmijenjene Izjave o povjerljivosti podataka.<\/p>\n<p>&nbsp;<\/p>\n<p>Petra \u017dab\u010di\u0107 art prikuplja informacije koje identificiraju specifi\u010dnog Krajnjeg korisnika. Kada se Krajnji korisnik\u00a0uklju\u010di u odre\u0111ene aktivnosti na www.petrazabcic.art Internetskoj stranici, kao \u0161to je registracija, naru\u010divanje proizvoda ili usluga, objavljivanje komentara, slanje povratnih informacija Petra \u017dab\u010di\u0107 art mo\u017ee\u00a0od Krajnjeg Korisnika zatra\u017eiti pru\u017eanje odre\u0111enih informacija o sebi kao \u0161to su ime i prezime, adresa (uklju\u010duju\u0107i po\u0161tanski broj), e-mail adresa, telefonski broj i datum ro\u0111enja, informacije o broju va\u0161e kreditne kartice, datum valjanosti, kod za autorizaciju te druge s tim povezane informacije<\/p>\n<p>Uklju\u010divanje u Identifikacijske aktivnosti i davanje osobnih podataka je odluka Krajnjeg korisnika. Ako Krajnji korisnik ne pru\u017ei te obavezne informacije za odre\u0111enu aktivnost koja ih zahtijeva, ne\u0107e mu biti dopu\u0161teno uklju\u010divanje u takvu aktivnost.<\/p>\n<p>Petra \u017dab\u010di\u0107 art, obrt za umjetni\u010dko stvarala\u0161tvo ne\u0107e dijeliti osobne podatke Krajnjeg korisnika s drugim stranama osim u slu\u010dajevima\u00a0navedenim u slijede\u0107oj to\u010dki i u situaciji kada to pozitivni propisi zahtijevaju.<\/p>\n<p>Osobne podatke \u0107e Petra \u017dab\u010di\u0107 art obrt koristiti za slanje i distribuciju administrativnih i promocijskih e-mail poruka, analizu podataka, obradu pla\u0107anja kreditnim karticama. Petra \u017dab\u010di\u0107 art mo\u017ee podijeliti osobne<\/p>\n<p>podatke Krajnjeg korisnika s Pru\u017eateljima usluga distribucije robe za ispunjavanje narud\u017ebi, isporuku paketa, slanje zemaljske po\u0161te i e-mail po\u0161te.<\/p>\n<p>Krajnji korisnik ima mogu\u0107nost pristupa i promjene osobnih podataka koje pru\u017ei obrtu. Krajnji korisnik mo\u017ee promijeniti bilo koju od svojih osobnih podataka slanjem e-mail poruke na <a href=\"mailto:info@petrazabcic.art\">info@petrazabcic.art<\/a>. U toj e-mail poruci Krajnji korisnik treba navesti svoje ime i prezime, adresu i e-mail adresu, te koje informacije \u017eeli nadopuniti.<\/p>\n<p>Kao uvjet kupnje proizvoda i usluga Petra \u017dab\u010di\u0107 art, obrta za umjetni\u010dko stvarala\u0161tvo, obrt tra\u017ei dozvolu Krajnjeg korisnika za slanje\u00a0Administrativne i Promocijske e-mail poruke. Ukoliko Krajnji korisnik \u017eelite primati e-mail poruke u bilo kojem trenutku nakon registriranja mo\u017ee odabrati opciju otkazivanja primanja e-mail poruka\u00a0slanjem e-mail poruke na <a href=\"mailto:info@petrazabcic.art\">info@petrazabcic.art<\/a> ili odabirom opcije otkazivanja newslettera koja se nalazi u svakoj newsletter poruci.<\/p>\n<p>Za\u0161titu podataka Petra \u017dab\u010di\u0107 art obrt uzima ozbiljno i poduzete su razne mjere opreza kako bi za\u0161titili osobne podatke. Na\u017ealost, niti jedan prijenos podataka preko Interneta, ili bilo koje be\u017ei\u010dne mre\u017ee ne mo\u017ee biti 100% siguran. Kao posljedica toga, iako Petra \u017dab\u010di\u0107 art, obrt za umjetni\u010dko stvarala\u0161tvo provodi komercijalno razumne za\u0161titne mjere za\u00a0za\u0161titu podataka ne mo\u017ee jam\u010diti za\u0161titu bilo koje informacije prenesene na, ili s www.petrazabcic.art Internetske stranice te nije odgovoran za radnje bilo koje tre\u0107e strane koja takve informacije primi.[\/vc_column_text][vc_empty_space height=&#8221;50px&#8221;][\/vc_column][\/vc_row]<\/p>\n","protected":false},"excerpt":{"rendered":"<p>[vc_row][vc_column][vc_column_text]Ova izjava o povjerljivosti podataka odnosi se na povjerljivost podataka koji se nalaze na Internet stranici www.petrazabcic.art i koje su kori\u0161tenjem te stranice prikupljene i pohranjene u bazama podataka Petra \u017dab\u010di\u0107 art, obrta za umjetni\u010dko stvarala\u0161tvo. Petra \u017dab\u010di\u0107 art kao pru\u017eatelj usluga Internetske stranice www.petrazabcic.art pridr\u017eava se zakonskih propisa sa ciljem za\u0161tite privatnosti korisnika. Upu\u0107uju &#8230;<a class=\"r_more_blog\" href=\"https:\/\/petrazabcic.art\/en\/privacy-policy\/#more-5212\"> continue reading<\/a><\/p>\n","protected":false},"author":1,"featured_media":0,"parent":0,"menu_order":0,"comment_status":"closed","ping_status":"closed","template":"","meta":{"footnotes":""},"class_list":["post-5212","page","type-page","status-publish","hentry"],"yoast_head":"<!-- This site is optimized with the Yoast SEO plugin v25.0 - https:\/\/yoast.com\/wordpress\/plugins\/seo\/ -->\n<title>Privacy policy - Petra \u017dab\u010di\u0107 ART<\/title>\n<meta name=\"robots\" content=\"index, follow, max-snippet:-1, max-image-preview:large, max-video-preview:-1\" \/>\n<link rel=\"canonical\" href=\"https:\/\/petrazabcic.art\/en\/privacy-policy\/\" \/>\n<meta property=\"og:locale\" content=\"en_US\" \/>\n<meta property=\"og:type\" content=\"article\" \/>\n<meta property=\"og:title\" content=\"Privacy policy - Petra \u017dab\u010di\u0107 ART\" \/>\n<meta property=\"og:description\" content=\"[vc_row][vc_column][vc_column_text]Ova izjava o povjerljivosti podataka odnosi se na povjerljivost podataka koji se nalaze na Internet stranici www.petrazabcic.art i koje su kori\u0161tenjem te stranice prikupljene i pohranjene u bazama podataka Petra \u017dab\u010di\u0107 art, obrta za umjetni\u010dko stvarala\u0161tvo. Petra \u017dab\u010di\u0107 art kao pru\u017eatelj usluga Internetske stranice www.petrazabcic.art pridr\u017eava se zakonskih propisa sa ciljem za\u0161tite privatnosti korisnika. Upu\u0107uju ... continue reading\" \/>\n<meta property=\"og:url\" content=\"https:\/\/petrazabcic.art\/en\/privacy-policy\/\" \/>\n<meta property=\"og:site_name\" content=\"Petra \u017dab\u010di\u0107 ART\" \/>\n<meta property=\"article:publisher\" content=\"https:\/\/www.facebook.com\/petra.zabcic\" \/>\n<meta property=\"article:modified_time\" content=\"2021-07-13T18:09:16+00:00\" \/>\n<meta property=\"og:image\" content=\"https:\/\/petrazabcic.art\/wp-content\/uploads\/2021\/05\/Petra-Zabcic-art-LOGO-1.png\" \/>\n\t<meta property=\"og:image:width\" content=\"300\" \/>\n\t<meta property=\"og:image:height\" content=\"300\" \/>\n\t<meta property=\"og:image:type\" content=\"image\/png\" \/>\n<meta name=\"twitter:card\" content=\"summary_large_image\" \/>\n<meta name=\"twitter:label1\" content=\"Est. reading time\" \/>\n\t<meta name=\"twitter:data1\" content=\"3 minutes\" \/>\n<script type=\"application\/ld+json\" class=\"yoast-schema-graph\">{\"@context\":\"https:\/\/schema.org\",\"@graph\":[{\"@type\":\"WebPage\",\"@id\":\"https:\/\/petrazabcic.art\/en\/privacy-policy\/\",\"url\":\"https:\/\/petrazabcic.art\/en\/privacy-policy\/\",\"name\":\"Privacy policy - Petra \u017dab\u010di\u0107 ART\",\"isPartOf\":{\"@id\":\"https:\/\/petrazabcic.art\/en\/#website\"},\"datePublished\":\"2021-07-09T13:44:54+00:00\",\"dateModified\":\"2021-07-13T18:09:16+00:00\",\"breadcrumb\":{\"@id\":\"https:\/\/petrazabcic.art\/en\/privacy-policy\/#breadcrumb\"},\"inLanguage\":\"en-US\",\"potentialAction\":[{\"@type\":\"ReadAction\",\"target\":[\"https:\/\/petrazabcic.art\/en\/privacy-policy\/\"]}]},{\"@type\":\"BreadcrumbList\",\"@id\":\"https:\/\/petrazabcic.art\/en\/privacy-policy\/#breadcrumb\",\"itemListElement\":[{\"@type\":\"ListItem\",\"position\":1,\"name\":\"Po\u010detna stranica\",\"item\":\"https:\/\/petrazabcic.art\/\"},{\"@type\":\"ListItem\",\"position\":2,\"name\":\"Privacy policy\"}]},{\"@type\":\"WebSite\",\"@id\":\"https:\/\/petrazabcic.art\/en\/#website\",\"url\":\"https:\/\/petrazabcic.art\/en\/\",\"name\":\"Petra \u017dab\u010di\u0107 ART\",\"description\":\"__SLIKE__ILUSTRACIJE__NAKIT__\",\"publisher\":{\"@id\":\"https:\/\/petrazabcic.art\/en\/#organization\"},\"potentialAction\":[{\"@type\":\"SearchAction\",\"target\":{\"@type\":\"EntryPoint\",\"urlTemplate\":\"https:\/\/petrazabcic.art\/en\/?s={search_term_string}\"},\"query-input\":{\"@type\":\"PropertyValueSpecification\",\"valueRequired\":true,\"valueName\":\"search_term_string\"}}],\"inLanguage\":\"en-US\"},{\"@type\":\"Organization\",\"@id\":\"https:\/\/petrazabcic.art\/en\/#organization\",\"name\":\"Petra \u017dab\u010di\u0107 art\",\"url\":\"https:\/\/petrazabcic.art\/en\/\",\"logo\":{\"@type\":\"ImageObject\",\"inLanguage\":\"en-US\",\"@id\":\"https:\/\/petrazabcic.art\/en\/#\/schema\/logo\/image\/\",\"url\":\"https:\/\/petrazabcic.art\/wp-content\/uploads\/2021\/05\/Petra-Zabcic-art-LOGO-1.png\",\"contentUrl\":\"https:\/\/petrazabcic.art\/wp-content\/uploads\/2021\/05\/Petra-Zabcic-art-LOGO-1.png\",\"width\":300,\"height\":300,\"caption\":\"Petra \u017dab\u010di\u0107 art\"},\"image\":{\"@id\":\"https:\/\/petrazabcic.art\/en\/#\/schema\/logo\/image\/\"},\"sameAs\":[\"https:\/\/www.facebook.com\/petra.zabcic\",\"https:\/\/www.instagram.com\/petrazabcic.art\/\"]}]}<\/script>\n<!-- \/ Yoast SEO plugin. -->","yoast_head_json":{"title":"Privacy policy - Petra \u017dab\u010di\u0107 ART","robots":{"index":"index","follow":"follow","max-snippet":"max-snippet:-1","max-image-preview":"max-image-preview:large","max-video-preview":"max-video-preview:-1"},"canonical":"https:\/\/petrazabcic.art\/en\/privacy-policy\/","og_locale":"en_US","og_type":"article","og_title":"Privacy policy - Petra \u017dab\u010di\u0107 ART","og_description":"[vc_row][vc_column][vc_column_text]Ova izjava o povjerljivosti podataka odnosi se na povjerljivost podataka koji se nalaze na Internet stranici www.petrazabcic.art i koje su kori\u0161tenjem te stranice prikupljene i pohranjene u bazama podataka Petra \u017dab\u010di\u0107 art, obrta za umjetni\u010dko stvarala\u0161tvo. Petra \u017dab\u010di\u0107 art kao pru\u017eatelj usluga Internetske stranice www.petrazabcic.art pridr\u017eava se zakonskih propisa sa ciljem za\u0161tite privatnosti korisnika. Upu\u0107uju ... continue reading","og_url":"https:\/\/petrazabcic.art\/en\/privacy-policy\/","og_site_name":"Petra \u017dab\u010di\u0107 ART","article_publisher":"https:\/\/www.facebook.com\/petra.zabcic","article_modified_time":"2021-07-13T18:09:16+00:00","og_image":[{"width":300,"height":300,"url":"https:\/\/petrazabcic.art\/wp-content\/uploads\/2021\/05\/Petra-Zabcic-art-LOGO-1.png","type":"image\/png"}],"twitter_card":"summary_large_image","twitter_misc":{"Est. reading time":"3 minutes"},"schema":{"@context":"https:\/\/schema.org","@graph":[{"@type":"WebPage","@id":"https:\/\/petrazabcic.art\/en\/privacy-policy\/","url":"https:\/\/petrazabcic.art\/en\/privacy-policy\/","name":"Privacy policy - Petra \u017dab\u010di\u0107 ART","isPartOf":{"@id":"https:\/\/petrazabcic.art\/en\/#website"},"datePublished":"2021-07-09T13:44:54+00:00","dateModified":"2021-07-13T18:09:16+00:00","breadcrumb":{"@id":"https:\/\/petrazabcic.art\/en\/privacy-policy\/#breadcrumb"},"inLanguage":"en-US","potentialAction":[{"@type":"ReadAction","target":["https:\/\/petrazabcic.art\/en\/privacy-policy\/"]}]},{"@type":"BreadcrumbList","@id":"https:\/\/petrazabcic.art\/en\/privacy-policy\/#breadcrumb","itemListElement":[{"@type":"ListItem","position":1,"name":"Po\u010detna stranica","item":"https:\/\/petrazabcic.art\/"},{"@type":"ListItem","position":2,"name":"Privacy policy"}]},{"@type":"WebSite","@id":"https:\/\/petrazabcic.art\/en\/#website","url":"https:\/\/petrazabcic.art\/en\/","name":"Petra \u017dab\u010di\u0107 ART","description":"__SLIKE__ILUSTRACIJE__NAKIT__","publisher":{"@id":"https:\/\/petrazabcic.art\/en\/#organization"},"potentialAction":[{"@type":"SearchAction","target":{"@type":"EntryPoint","urlTemplate":"https:\/\/petrazabcic.art\/en\/?s={search_term_string}"},"query-input":{"@type":"PropertyValueSpecification","valueRequired":true,"valueName":"search_term_string"}}],"inLanguage":"en-US"},{"@type":"Organization","@id":"https:\/\/petrazabcic.art\/en\/#organization","name":"Petra \u017dab\u010di\u0107 art","url":"https:\/\/petrazabcic.art\/en\/","logo":{"@type":"ImageObject","inLanguage":"en-US","@id":"https:\/\/petrazabcic.art\/en\/#\/schema\/logo\/image\/","url":"https:\/\/petrazabcic.art\/wp-content\/uploads\/2021\/05\/Petra-Zabcic-art-LOGO-1.png","contentUrl":"https:\/\/petrazabcic.art\/wp-content\/uploads\/2021\/05\/Petra-Zabcic-art-LOGO-1.png","width":300,"height":300,"caption":"Petra \u017dab\u010di\u0107 art"},"image":{"@id":"https:\/\/petrazabcic.art\/en\/#\/schema\/logo\/image\/"},"sameAs":["https:\/\/www.facebook.com\/petra.zabcic","https:\/\/www.instagram.com\/petrazabcic.art\/"]}]}},"_links":{"self":[{"href":"https:\/\/petrazabcic.art\/en\/wp-json\/wp\/v2\/pages\/5212","targetHints":{"allow":["GET"]}}],"collection":[{"href":"https:\/\/petrazabcic.art\/en\/wp-json\/wp\/v2\/pages"}],"about":[{"href":"https:\/\/petrazabcic.art\/en\/wp-json\/wp\/v2\/types\/page"}],"author":[{"embeddable":true,"href":"https:\/\/petrazabcic.art\/en\/wp-json\/wp\/v2\/users\/1"}],"replies":[{"embeddable":true,"href":"https:\/\/petrazabcic.art\/en\/wp-json\/wp\/v2\/comments?post=5212"}],"version-history":[{"count":11,"href":"https:\/\/petrazabcic.art\/en\/wp-json\/wp\/v2\/pages\/5212\/revisions"}],"predecessor-version":[{"id":5477,"href":"https:\/\/petrazabcic.art\/en\/wp-json\/wp\/v2\/pages\/5212\/revisions\/5477"}],"wp:attachment":[{"href":"https:\/\/petrazabcic.art\/en\/wp-json\/wp\/v2\/media?parent=5212"}],"curies":[{"name":"wp","href":"https:\/\/api.w.org\/{rel}","templated":true}]}}