{"id":4962,"date":"2018-08-03T09:03:20","date_gmt":"2018-08-03T09:03:20","guid":{"rendered":"https:\/\/petrazabcic.art\/mywishlist\/"},"modified":"2021-07-08T08:00:33","modified_gmt":"2021-07-08T08:00:33","slug":"mywishlist","status":"publish","type":"page","link":"https:\/\/petrazabcic.art\/en\/mywishlist\/","title":{"rendered":"Wishlist"},"content":{"rendered":"<p>[vc_row general_row_align=&#8221;grosso-align-center&#8221; css=&#8221;.vc_custom_1541592691967{margin-bottom: 0px !important;padding-bottom: 100px !important;}&#8221;][vc_column][vc_column_text]\n\n\n\n<form\n\tid=\"yith-wcwl-form\"\n\taction=\"https:\/\/petrazabcic.art\/en\/mywishlist\/\"\n\tmethod=\"post\"\n\tclass=\"woocommerce yith-wcwl-form wishlist-fragment\"\n\tdata-fragment-options=\"{&quot;per_page&quot;:5,&quot;current_page&quot;:1,&quot;pagination&quot;:&quot;no&quot;,&quot;wishlist_id&quot;:false,&quot;action_params&quot;:false,&quot;no_interactions&quot;:false,&quot;layout&quot;:&quot;&quot;,&quot;wishlist&quot;:false,&quot;is_default&quot;:true,&quot;is_custom_list&quot;:false,&quot;wishlist_token&quot;:&quot;&quot;,&quot;is_private&quot;:false,&quot;count&quot;:0,&quot;page_title&quot;:&quot;My wishlist&quot;,&quot;default_wishlsit_title&quot;:&quot;My wishlist&quot;,&quot;page_links&quot;:false,&quot;is_user_logged_in&quot;:false,&quot;is_user_owner&quot;:true,&quot;can_user_edit_title&quot;:false,&quot;show_price&quot;:true,&quot;show_dateadded&quot;:false,&quot;show_stock_status&quot;:true,&quot;show_add_to_cart&quot;:true,&quot;show_remove_product&quot;:true,&quot;add_to_cart_text&quot;:&quot;Add to cart&quot;,&quot;show_ask_estimate_button&quot;:false,&quot;ask_estimate_url&quot;:&quot;&quot;,&quot;price_excl_tax&quot;:true,&quot;show_cb&quot;:false,&quot;show_quantity&quot;:false,&quot;show_variation&quot;:false,&quot;show_price_variations&quot;:false,&quot;show_update&quot;:false,&quot;enable_drag_n_drop&quot;:false,&quot;enable_add_all_to_cart&quot;:false,&quot;move_to_another_wishlist&quot;:false,&quot;repeat_remove_button&quot;:false,&quot;show_last_column&quot;:true,&quot;heading_icon&quot;:&quot;&lt;i class=\\&quot;fa heart-outline\\&quot;&gt;&lt;\\\/i&gt;&quot;,&quot;share_enabled&quot;:false,&quot;template_part&quot;:&quot;view&quot;,&quot;additional_info&quot;:false,&quot;available_multi_wishlist&quot;:false,&quot;form_action&quot;:&quot;https:\\\/\\\/petrazabcic.art\\\/en\\\/mywishlist\\\/&quot;,&quot;item&quot;:&quot;wishlist&quot;}\"\n>\n\n\t<!-- TITLE -->\n\t\t\t<div class=\"wishlist-title-container\">\n\t\t\t<div class=\"wishlist-title \">\n\t\t\t\t<h2>My wishlist<\/h2>\t\t\t\t\t\t\t<\/div>\n\t\t\t\t\t<\/div>\n\t\n\n<!-- WISHLIST TABLE -->\n<table\n\tclass=\"shop_table cart wishlist_table wishlist_view traditional responsive   \"\n\tdata-pagination=\"no\" data-per-page=\"5\" data-page=\"1\"\n\tdata-id=\"\" data-token=\"\">\n\n\t\n\t<thead>\n\t<tr>\n\t\t\n\t\t\t\t\t\t\t\t<th class=\"product-remove\">\n\t\t\t\t<span class=\"nobr\">\n\t\t\t\t\t\t\t\t\t<\/span>\n\t\t\t<\/th>\n\t\t\n\t\t<th class=\"product-thumbnail\"><\/th>\n\n\t\t<th class=\"product-name\">\n\t\t\t<span class=\"nobr\">\n\t\t\t\tProduct name\t\t\t<\/span>\n\t\t<\/th>\n\n\t\t\t\t\t\t\t\t<th class=\"product-price\">\n\t\t\t\t<span class=\"nobr\">\n\t\t\t\t\tUnit price\t\t\t\t<\/span>\n\t\t\t<\/th>\n\t\t\n\t\t\n\t\t\t\t\t\t\t\t<th class=\"product-stock-status\">\n\t\t\t\t<span class=\"nobr\">\n\t\t\t\t\tStock status\t\t\t\t<\/span>\n\t\t\t<\/th>\n\t\t\n\t\t\t\t\t\t\t\t<th class=\"product-add-to-cart\">\n\t\t\t\t<span class=\"nobr\">\n\t\t\t\t\t\t\t\t\t<\/span>\n\t\t\t<\/th>\n\t\t\n\t\t\t<\/tr>\n\t<\/thead>\n\n\t<tbody class=\"wishlist-items-wrapper\">\n\t\t\t<tr>\n\t\t\t\t\t\t<td colspan=\"6\" class=\"wishlist-empty\">No products added to the wishlist<\/td>\n\t\t<\/tr>\n\t\t\t<\/tbody>\n\n<\/table>\n\n<div class=\"yith_wcwl_wishlist_footer\">\n\t\n\n\t\n\n\t\n\t<\/div>\n\n<input type=\"hidden\" id=\"yith_wcwl_edit_wishlist\" name=\"yith_wcwl_edit_wishlist\" value=\"6e4e66e603\" \/><input type=\"hidden\" name=\"_wp_http_referer\" value=\"\/en\/wp-json\/wp\/v2\/pages\/4962\" \/><input type=\"hidden\" value=\"\" name=\"wishlist_id\" id=\"wishlist_id\">\n\n\n<\/form>\n\n\n\n[\/vc_column_text][\/vc_column][\/vc_row]<\/p>\n","protected":false},"excerpt":{"rendered":"<p>[vc_row general_row_align=&#8221;grosso-align-center&#8221; css=&#8221;.vc_custom_1541592691967{margin-bottom: 0px !important;padding-bottom: 100px !important;}&#8221;][vc_column][vc_column_text][\/vc_column_text][\/vc_column][\/vc_row]<\/p>\n","protected":false},"author":1,"featured_media":0,"parent":0,"menu_order":0,"comment_status":"closed","ping_status":"closed","template":"","meta":{"footnotes":""},"class_list":["post-4962","page","type-page","status-publish","hentry"],"yoast_head":"<!-- This site is optimized with the Yoast SEO plugin v25.0 - https:\/\/yoast.com\/wordpress\/plugins\/seo\/ -->\n<title>Wishlist - Petra \u017dab\u010di\u0107 ART<\/title>\n<meta name=\"robots\" content=\"index, follow, max-snippet:-1, max-image-preview:large, max-video-preview:-1\" \/>\n<link rel=\"canonical\" href=\"https:\/\/petrazabcic.art\/en\/mywishlist\/\" \/>\n<meta property=\"og:locale\" content=\"en_US\" \/>\n<meta property=\"og:type\" content=\"article\" \/>\n<meta property=\"og:title\" content=\"Wishlist - Petra \u017dab\u010di\u0107 ART\" \/>\n<meta property=\"og:description\" content=\"[vc_row general_row_align=&#8221;grosso-align-center&#8221; css=&#8221;.vc_custom_1541592691967{margin-bottom: 0px !important;padding-bottom: 100px !important;}&#8221;][vc_column][vc_column_text][\/vc_column_text][\/vc_column][\/vc_row]\" \/>\n<meta property=\"og:url\" content=\"https:\/\/petrazabcic.art\/en\/mywishlist\/\" \/>\n<meta property=\"og:site_name\" content=\"Petra \u017dab\u010di\u0107 ART\" \/>\n<meta property=\"article:publisher\" content=\"https:\/\/www.facebook.com\/petra.zabcic\" \/>\n<meta property=\"article:modified_time\" content=\"2021-07-08T08:00:33+00:00\" \/>\n<meta property=\"og:image\" content=\"https:\/\/petrazabcic.art\/wp-content\/uploads\/2021\/05\/Petra-Zabcic-art-LOGO-1.png\" \/>\n\t<meta property=\"og:image:width\" content=\"300\" \/>\n\t<meta property=\"og:image:height\" content=\"300\" \/>\n\t<meta property=\"og:image:type\" content=\"image\/png\" \/>\n<meta name=\"twitter:card\" content=\"summary_large_image\" \/>\n<script type=\"application\/ld+json\" class=\"yoast-schema-graph\">{\"@context\":\"https:\/\/schema.org\",\"@graph\":[{\"@type\":\"WebPage\",\"@id\":\"https:\/\/petrazabcic.art\/en\/mywishlist\/\",\"url\":\"https:\/\/petrazabcic.art\/en\/mywishlist\/\",\"name\":\"Wishlist - Petra \u017dab\u010di\u0107 ART\",\"isPartOf\":{\"@id\":\"https:\/\/petrazabcic.art\/en\/#website\"},\"datePublished\":\"2018-08-03T09:03:20+00:00\",\"dateModified\":\"2021-07-08T08:00:33+00:00\",\"breadcrumb\":{\"@id\":\"https:\/\/petrazabcic.art\/en\/mywishlist\/#breadcrumb\"},\"inLanguage\":\"en-US\",\"potentialAction\":[{\"@type\":\"ReadAction\",\"target\":[\"https:\/\/petrazabcic.art\/en\/mywishlist\/\"]}]},{\"@type\":\"BreadcrumbList\",\"@id\":\"https:\/\/petrazabcic.art\/en\/mywishlist\/#breadcrumb\",\"itemListElement\":[{\"@type\":\"ListItem\",\"position\":1,\"name\":\"Po\u010detna stranica\",\"item\":\"https:\/\/petrazabcic.art\/\"},{\"@type\":\"ListItem\",\"position\":2,\"name\":\"Wishlist\"}]},{\"@type\":\"WebSite\",\"@id\":\"https:\/\/petrazabcic.art\/en\/#website\",\"url\":\"https:\/\/petrazabcic.art\/en\/\",\"name\":\"Petra \u017dab\u010di\u0107 ART\",\"description\":\"__SLIKE__ILUSTRACIJE__NAKIT__\",\"publisher\":{\"@id\":\"https:\/\/petrazabcic.art\/en\/#organization\"},\"potentialAction\":[{\"@type\":\"SearchAction\",\"target\":{\"@type\":\"EntryPoint\",\"urlTemplate\":\"https:\/\/petrazabcic.art\/en\/?s={search_term_string}\"},\"query-input\":{\"@type\":\"PropertyValueSpecification\",\"valueRequired\":true,\"valueName\":\"search_term_string\"}}],\"inLanguage\":\"en-US\"},{\"@type\":\"Organization\",\"@id\":\"https:\/\/petrazabcic.art\/en\/#organization\",\"name\":\"Petra \u017dab\u010di\u0107 art\",\"url\":\"https:\/\/petrazabcic.art\/en\/\",\"logo\":{\"@type\":\"ImageObject\",\"inLanguage\":\"en-US\",\"@id\":\"https:\/\/petrazabcic.art\/en\/#\/schema\/logo\/image\/\",\"url\":\"https:\/\/petrazabcic.art\/wp-content\/uploads\/2021\/05\/Petra-Zabcic-art-LOGO-1.png\",\"contentUrl\":\"https:\/\/petrazabcic.art\/wp-content\/uploads\/2021\/05\/Petra-Zabcic-art-LOGO-1.png\",\"width\":300,\"height\":300,\"caption\":\"Petra \u017dab\u010di\u0107 art\"},\"image\":{\"@id\":\"https:\/\/petrazabcic.art\/en\/#\/schema\/logo\/image\/\"},\"sameAs\":[\"https:\/\/www.facebook.com\/petra.zabcic\",\"https:\/\/www.instagram.com\/petrazabcic.art\/\"]}]}<\/script>\n<!-- \/ Yoast SEO plugin. -->","yoast_head_json":{"title":"Wishlist - Petra \u017dab\u010di\u0107 ART","robots":{"index":"index","follow":"follow","max-snippet":"max-snippet:-1","max-image-preview":"max-image-preview:large","max-video-preview":"max-video-preview:-1"},"canonical":"https:\/\/petrazabcic.art\/en\/mywishlist\/","og_locale":"en_US","og_type":"article","og_title":"Wishlist - Petra \u017dab\u010di\u0107 ART","og_description":"[vc_row general_row_align=&#8221;grosso-align-center&#8221; css=&#8221;.vc_custom_1541592691967{margin-bottom: 0px !important;padding-bottom: 100px !important;}&#8221;][vc_column][vc_column_text][\/vc_column_text][\/vc_column][\/vc_row]","og_url":"https:\/\/petrazabcic.art\/en\/mywishlist\/","og_site_name":"Petra \u017dab\u010di\u0107 ART","article_publisher":"https:\/\/www.facebook.com\/petra.zabcic","article_modified_time":"2021-07-08T08:00:33+00:00","og_image":[{"width":300,"height":300,"url":"https:\/\/petrazabcic.art\/wp-content\/uploads\/2021\/05\/Petra-Zabcic-art-LOGO-1.png","type":"image\/png"}],"twitter_card":"summary_large_image","schema":{"@context":"https:\/\/schema.org","@graph":[{"@type":"WebPage","@id":"https:\/\/petrazabcic.art\/en\/mywishlist\/","url":"https:\/\/petrazabcic.art\/en\/mywishlist\/","name":"Wishlist - Petra \u017dab\u010di\u0107 ART","isPartOf":{"@id":"https:\/\/petrazabcic.art\/en\/#website"},"datePublished":"2018-08-03T09:03:20+00:00","dateModified":"2021-07-08T08:00:33+00:00","breadcrumb":{"@id":"https:\/\/petrazabcic.art\/en\/mywishlist\/#breadcrumb"},"inLanguage":"en-US","potentialAction":[{"@type":"ReadAction","target":["https:\/\/petrazabcic.art\/en\/mywishlist\/"]}]},{"@type":"BreadcrumbList","@id":"https:\/\/petrazabcic.art\/en\/mywishlist\/#breadcrumb","itemListElement":[{"@type":"ListItem","position":1,"name":"Po\u010detna stranica","item":"https:\/\/petrazabcic.art\/"},{"@type":"ListItem","position":2,"name":"Wishlist"}]},{"@type":"WebSite","@id":"https:\/\/petrazabcic.art\/en\/#website","url":"https:\/\/petrazabcic.art\/en\/","name":"Petra \u017dab\u010di\u0107 ART","description":"__SLIKE__ILUSTRACIJE__NAKIT__","publisher":{"@id":"https:\/\/petrazabcic.art\/en\/#organization"},"potentialAction":[{"@type":"SearchAction","target":{"@type":"EntryPoint","urlTemplate":"https:\/\/petrazabcic.art\/en\/?s={search_term_string}"},"query-input":{"@type":"PropertyValueSpecification","valueRequired":true,"valueName":"search_term_string"}}],"inLanguage":"en-US"},{"@type":"Organization","@id":"https:\/\/petrazabcic.art\/en\/#organization","name":"Petra \u017dab\u010di\u0107 art","url":"https:\/\/petrazabcic.art\/en\/","logo":{"@type":"ImageObject","inLanguage":"en-US","@id":"https:\/\/petrazabcic.art\/en\/#\/schema\/logo\/image\/","url":"https:\/\/petrazabcic.art\/wp-content\/uploads\/2021\/05\/Petra-Zabcic-art-LOGO-1.png","contentUrl":"https:\/\/petrazabcic.art\/wp-content\/uploads\/2021\/05\/Petra-Zabcic-art-LOGO-1.png","width":300,"height":300,"caption":"Petra \u017dab\u010di\u0107 art"},"image":{"@id":"https:\/\/petrazabcic.art\/en\/#\/schema\/logo\/image\/"},"sameAs":["https:\/\/www.facebook.com\/petra.zabcic","https:\/\/www.instagram.com\/petrazabcic.art\/"]}]}},"_links":{"self":[{"href":"https:\/\/petrazabcic.art\/en\/wp-json\/wp\/v2\/pages\/4962","targetHints":{"allow":["GET"]}}],"collection":[{"href":"https:\/\/petrazabcic.art\/en\/wp-json\/wp\/v2\/pages"}],"about":[{"href":"https:\/\/petrazabcic.art\/en\/wp-json\/wp\/v2\/types\/page"}],"author":[{"embeddable":true,"href":"https:\/\/petrazabcic.art\/en\/wp-json\/wp\/v2\/users\/1"}],"replies":[{"embeddable":true,"href":"https:\/\/petrazabcic.art\/en\/wp-json\/wp\/v2\/comments?post=4962"}],"version-history":[{"count":1,"href":"https:\/\/petrazabcic.art\/en\/wp-json\/wp\/v2\/pages\/4962\/revisions"}],"predecessor-version":[{"id":4963,"href":"https:\/\/petrazabcic.art\/en\/wp-json\/wp\/v2\/pages\/4962\/revisions\/4963"}],"wp:attachment":[{"href":"https:\/\/petrazabcic.art\/en\/wp-json\/wp\/v2\/media?parent=4962"}],"curies":[{"name":"wp","href":"https:\/\/api.w.org\/{rel}","templated":true}]}}