{"id":4938,"date":"2018-08-01T07:28:54","date_gmt":"2018-08-01T07:28:54","guid":{"rendered":"https:\/\/petrazabcic.art\/petra-zabcic\/"},"modified":"2021-07-08T07:52:02","modified_gmt":"2021-07-08T07:52:02","slug":"petra-zabcic","status":"publish","type":"page","link":"https:\/\/petrazabcic.art\/en\/petra-zabcic\/","title":{"rendered":"About me"},"content":{"rendered":"<p>[vc_row css=&#8221;.vc_custom_1541593556918{margin-bottom: 0px !important;padding-top: 100px !important;}&#8221;][vc_column][vc_row_inner equal_height=&#8221;yes&#8221; content_placement=&#8221;middle&#8221; gap=&#8221;35&#8243;][vc_column_inner width=&#8221;1\/2&#8243;][vc_custom_heading text=&#8221;Petra \u017dab\u010di\u0107&#8221; font_container=&#8221;tag:h3|text_align:left|color:%23333333|line_height:1&#8243; use_theme_fonts=&#8221;yes&#8221; line_accent=&#8221;true&#8221; css=&#8221;.vc_custom_1624515018338{margin-bottom: 10px !important;}&#8221;][vc_column_text]is an academy-trained painter, illustrator and designer, the face behind the brand called Petra \u017dab\u010di\u0107 Art. She graduated Painting from the Academy of Fine Arts in Zagreb in 2008., under the mentorship of Igor Ron\u010devi\u0107 and since then she works and creates\u00a0in Zagreb and the rest of Croatia as well.<span class=\"Apple-converted-space\">\u00a0<\/span><\/p>\n<p>Her art is the result of her experimenting with figurative forms of dreamy nature. Her style is known for vegetal patterns, which, together with the thick impasto layers, ornamentalize the surface.[\/vc_column_text][\/vc_column_inner][vc_column_inner width=&#8221;1\/2&#8243;][vc_column_text]<\/p>\n<h3>\u00a0Sometimes the first to come to life is the text and sometimes it is the picture. However, they are both an expression of the painter\u2019s creation of reality that sometimes comes off as melancholic, sometimes as childishly playful, but never boring.<\/h3>\n<p>[\/vc_column_text][\/vc_column_inner][\/vc_row_inner][\/vc_column][\/vc_row][vc_row full_width=&#8221;stretch_row_content&#8221; css=&#8221;.vc_custom_1507992782905{margin-bottom: 0px !important;padding-top: 60px !important;padding-right: 8% !important;padding-bottom: 60px !important;padding-left: 8% !important;}&#8221;][vc_column][vc_row_inner content_placement=&#8221;middle&#8221; gap=&#8221;35&#8243;][vc_column_inner width=&#8221;1\/3&#8243;][vc_single_image image=&#8221;4892&#8243; img_size=&#8221;full&#8221; add_caption=&#8221;yes&#8221; alignment=&#8221;center&#8221;][\/vc_column_inner][vc_column_inner width=&#8221;1\/3&#8243;][vc_single_image image=&#8221;4893&#8243; img_size=&#8221;full&#8221; add_caption=&#8221;yes&#8221; alignment=&#8221;center&#8221;][\/vc_column_inner][vc_column_inner width=&#8221;1\/3&#8243;][vc_single_image image=&#8221;4894&#8243; img_size=&#8221;900&#215;900&#8243; add_caption=&#8221;yes&#8221; alignment=&#8221;center&#8221;][\/vc_column_inner][\/vc_row_inner][\/vc_column][\/vc_row]<\/p>\n","protected":false},"excerpt":{"rendered":"<p>[vc_row css=&#8221;.vc_custom_1541593556918{margin-bottom: 0px !important;padding-top: 100px !important;}&#8221;][vc_column][vc_row_inner equal_height=&#8221;yes&#8221; content_placement=&#8221;middle&#8221; gap=&#8221;35&#8243;][vc_column_inner width=&#8221;1\/2&#8243;][vc_custom_heading text=&#8221;Petra \u017dab\u010di\u0107&#8221; font_container=&#8221;tag:h3|text_align:left|color:%23333333|line_height:1&#8243; use_theme_fonts=&#8221;yes&#8221; line_accent=&#8221;true&#8221; css=&#8221;.vc_custom_1624515018338{margin-bottom: 10px !important;}&#8221;][vc_column_text]is an academy-trained painter, illustrator and designer, the face behind the brand called Petra \u017dab\u010di\u0107 Art. She graduated Painting from the Academy of Fine Arts in Zagreb in 2008., under the mentorship of Igor Ron\u010devi\u0107 and since then &#8230;<a class=\"r_more_blog\" href=\"https:\/\/petrazabcic.art\/en\/petra-zabcic\/#more-4938\"> continue reading<\/a><\/p>\n","protected":false},"author":1,"featured_media":0,"parent":0,"menu_order":0,"comment_status":"closed","ping_status":"closed","template":"","meta":{"footnotes":""},"class_list":["post-4938","page","type-page","status-publish","hentry"],"yoast_head":"<!-- This site is optimized with the Yoast SEO plugin v25.0 - https:\/\/yoast.com\/wordpress\/plugins\/seo\/ -->\n<title>About me - Petra \u017dab\u010di\u0107 ART<\/title>\n<meta name=\"robots\" content=\"index, follow, max-snippet:-1, max-image-preview:large, max-video-preview:-1\" \/>\n<link rel=\"canonical\" href=\"https:\/\/petrazabcic.art\/en\/petra-zabcic\/\" \/>\n<meta property=\"og:locale\" content=\"en_US\" \/>\n<meta property=\"og:type\" content=\"article\" \/>\n<meta property=\"og:title\" content=\"About me - Petra \u017dab\u010di\u0107 ART\" \/>\n<meta property=\"og:description\" content=\"[vc_row css=&#8221;.vc_custom_1541593556918{margin-bottom: 0px !important;padding-top: 100px !important;}&#8221;][vc_column][vc_row_inner equal_height=&#8221;yes&#8221; content_placement=&#8221;middle&#8221; gap=&#8221;35&#8243;][vc_column_inner width=&#8221;1\/2&#8243;][vc_custom_heading text=&#8221;Petra \u017dab\u010di\u0107&#8221; font_container=&#8221;tag:h3|text_align:left|color:%23333333|line_height:1&#8243; use_theme_fonts=&#8221;yes&#8221; line_accent=&#8221;true&#8221; css=&#8221;.vc_custom_1624515018338{margin-bottom: 10px !important;}&#8221;][vc_column_text]is an academy-trained painter, illustrator and designer, the face behind the brand called Petra \u017dab\u010di\u0107 Art. She graduated Painting from the Academy of Fine Arts in Zagreb in 2008., under the mentorship of Igor Ron\u010devi\u0107 and since then ... continue reading\" \/>\n<meta property=\"og:url\" content=\"https:\/\/petrazabcic.art\/en\/petra-zabcic\/\" \/>\n<meta property=\"og:site_name\" content=\"Petra \u017dab\u010di\u0107 ART\" \/>\n<meta property=\"article:publisher\" content=\"https:\/\/www.facebook.com\/petra.zabcic\" \/>\n<meta property=\"article:modified_time\" content=\"2021-07-08T07:52:02+00:00\" \/>\n<meta property=\"og:image\" content=\"https:\/\/petrazabcic.art\/wp-content\/uploads\/2021\/05\/Petra-Zabcic-art-LOGO-1.png\" \/>\n\t<meta property=\"og:image:width\" content=\"300\" \/>\n\t<meta property=\"og:image:height\" content=\"300\" \/>\n\t<meta property=\"og:image:type\" content=\"image\/png\" \/>\n<meta name=\"twitter:card\" content=\"summary_large_image\" \/>\n<meta name=\"twitter:label1\" content=\"Est. reading time\" \/>\n\t<meta name=\"twitter:data1\" content=\"2 minutes\" \/>\n<script type=\"application\/ld+json\" class=\"yoast-schema-graph\">{\"@context\":\"https:\/\/schema.org\",\"@graph\":[{\"@type\":\"WebPage\",\"@id\":\"https:\/\/petrazabcic.art\/en\/petra-zabcic\/\",\"url\":\"https:\/\/petrazabcic.art\/en\/petra-zabcic\/\",\"name\":\"About me - Petra \u017dab\u010di\u0107 ART\",\"isPartOf\":{\"@id\":\"https:\/\/petrazabcic.art\/en\/#website\"},\"datePublished\":\"2018-08-01T07:28:54+00:00\",\"dateModified\":\"2021-07-08T07:52:02+00:00\",\"breadcrumb\":{\"@id\":\"https:\/\/petrazabcic.art\/en\/petra-zabcic\/#breadcrumb\"},\"inLanguage\":\"en-US\",\"potentialAction\":[{\"@type\":\"ReadAction\",\"target\":[\"https:\/\/petrazabcic.art\/en\/petra-zabcic\/\"]}]},{\"@type\":\"BreadcrumbList\",\"@id\":\"https:\/\/petrazabcic.art\/en\/petra-zabcic\/#breadcrumb\",\"itemListElement\":[{\"@type\":\"ListItem\",\"position\":1,\"name\":\"Po\u010detna stranica\",\"item\":\"https:\/\/petrazabcic.art\/\"},{\"@type\":\"ListItem\",\"position\":2,\"name\":\"About me\"}]},{\"@type\":\"WebSite\",\"@id\":\"https:\/\/petrazabcic.art\/en\/#website\",\"url\":\"https:\/\/petrazabcic.art\/en\/\",\"name\":\"Petra \u017dab\u010di\u0107 ART\",\"description\":\"__SLIKE__ILUSTRACIJE__NAKIT__\",\"publisher\":{\"@id\":\"https:\/\/petrazabcic.art\/en\/#organization\"},\"potentialAction\":[{\"@type\":\"SearchAction\",\"target\":{\"@type\":\"EntryPoint\",\"urlTemplate\":\"https:\/\/petrazabcic.art\/en\/?s={search_term_string}\"},\"query-input\":{\"@type\":\"PropertyValueSpecification\",\"valueRequired\":true,\"valueName\":\"search_term_string\"}}],\"inLanguage\":\"en-US\"},{\"@type\":\"Organization\",\"@id\":\"https:\/\/petrazabcic.art\/en\/#organization\",\"name\":\"Petra \u017dab\u010di\u0107 art\",\"url\":\"https:\/\/petrazabcic.art\/en\/\",\"logo\":{\"@type\":\"ImageObject\",\"inLanguage\":\"en-US\",\"@id\":\"https:\/\/petrazabcic.art\/en\/#\/schema\/logo\/image\/\",\"url\":\"https:\/\/petrazabcic.art\/wp-content\/uploads\/2021\/05\/Petra-Zabcic-art-LOGO-1.png\",\"contentUrl\":\"https:\/\/petrazabcic.art\/wp-content\/uploads\/2021\/05\/Petra-Zabcic-art-LOGO-1.png\",\"width\":300,\"height\":300,\"caption\":\"Petra \u017dab\u010di\u0107 art\"},\"image\":{\"@id\":\"https:\/\/petrazabcic.art\/en\/#\/schema\/logo\/image\/\"},\"sameAs\":[\"https:\/\/www.facebook.com\/petra.zabcic\",\"https:\/\/www.instagram.com\/petrazabcic.art\/\"]}]}<\/script>\n<!-- \/ Yoast SEO plugin. -->","yoast_head_json":{"title":"About me - Petra \u017dab\u010di\u0107 ART","robots":{"index":"index","follow":"follow","max-snippet":"max-snippet:-1","max-image-preview":"max-image-preview:large","max-video-preview":"max-video-preview:-1"},"canonical":"https:\/\/petrazabcic.art\/en\/petra-zabcic\/","og_locale":"en_US","og_type":"article","og_title":"About me - Petra \u017dab\u010di\u0107 ART","og_description":"[vc_row css=&#8221;.vc_custom_1541593556918{margin-bottom: 0px !important;padding-top: 100px !important;}&#8221;][vc_column][vc_row_inner equal_height=&#8221;yes&#8221; content_placement=&#8221;middle&#8221; gap=&#8221;35&#8243;][vc_column_inner width=&#8221;1\/2&#8243;][vc_custom_heading text=&#8221;Petra \u017dab\u010di\u0107&#8221; font_container=&#8221;tag:h3|text_align:left|color:%23333333|line_height:1&#8243; use_theme_fonts=&#8221;yes&#8221; line_accent=&#8221;true&#8221; css=&#8221;.vc_custom_1624515018338{margin-bottom: 10px !important;}&#8221;][vc_column_text]is an academy-trained painter, illustrator and designer, the face behind the brand called Petra \u017dab\u010di\u0107 Art. She graduated Painting from the Academy of Fine Arts in Zagreb in 2008., under the mentorship of Igor Ron\u010devi\u0107 and since then ... continue reading","og_url":"https:\/\/petrazabcic.art\/en\/petra-zabcic\/","og_site_name":"Petra \u017dab\u010di\u0107 ART","article_publisher":"https:\/\/www.facebook.com\/petra.zabcic","article_modified_time":"2021-07-08T07:52:02+00:00","og_image":[{"width":300,"height":300,"url":"https:\/\/petrazabcic.art\/wp-content\/uploads\/2021\/05\/Petra-Zabcic-art-LOGO-1.png","type":"image\/png"}],"twitter_card":"summary_large_image","twitter_misc":{"Est. reading time":"2 minutes"},"schema":{"@context":"https:\/\/schema.org","@graph":[{"@type":"WebPage","@id":"https:\/\/petrazabcic.art\/en\/petra-zabcic\/","url":"https:\/\/petrazabcic.art\/en\/petra-zabcic\/","name":"About me - Petra \u017dab\u010di\u0107 ART","isPartOf":{"@id":"https:\/\/petrazabcic.art\/en\/#website"},"datePublished":"2018-08-01T07:28:54+00:00","dateModified":"2021-07-08T07:52:02+00:00","breadcrumb":{"@id":"https:\/\/petrazabcic.art\/en\/petra-zabcic\/#breadcrumb"},"inLanguage":"en-US","potentialAction":[{"@type":"ReadAction","target":["https:\/\/petrazabcic.art\/en\/petra-zabcic\/"]}]},{"@type":"BreadcrumbList","@id":"https:\/\/petrazabcic.art\/en\/petra-zabcic\/#breadcrumb","itemListElement":[{"@type":"ListItem","position":1,"name":"Po\u010detna stranica","item":"https:\/\/petrazabcic.art\/"},{"@type":"ListItem","position":2,"name":"About me"}]},{"@type":"WebSite","@id":"https:\/\/petrazabcic.art\/en\/#website","url":"https:\/\/petrazabcic.art\/en\/","name":"Petra \u017dab\u010di\u0107 ART","description":"__SLIKE__ILUSTRACIJE__NAKIT__","publisher":{"@id":"https:\/\/petrazabcic.art\/en\/#organization"},"potentialAction":[{"@type":"SearchAction","target":{"@type":"EntryPoint","urlTemplate":"https:\/\/petrazabcic.art\/en\/?s={search_term_string}"},"query-input":{"@type":"PropertyValueSpecification","valueRequired":true,"valueName":"search_term_string"}}],"inLanguage":"en-US"},{"@type":"Organization","@id":"https:\/\/petrazabcic.art\/en\/#organization","name":"Petra \u017dab\u010di\u0107 art","url":"https:\/\/petrazabcic.art\/en\/","logo":{"@type":"ImageObject","inLanguage":"en-US","@id":"https:\/\/petrazabcic.art\/en\/#\/schema\/logo\/image\/","url":"https:\/\/petrazabcic.art\/wp-content\/uploads\/2021\/05\/Petra-Zabcic-art-LOGO-1.png","contentUrl":"https:\/\/petrazabcic.art\/wp-content\/uploads\/2021\/05\/Petra-Zabcic-art-LOGO-1.png","width":300,"height":300,"caption":"Petra \u017dab\u010di\u0107 art"},"image":{"@id":"https:\/\/petrazabcic.art\/en\/#\/schema\/logo\/image\/"},"sameAs":["https:\/\/www.facebook.com\/petra.zabcic","https:\/\/www.instagram.com\/petrazabcic.art\/"]}]}},"_links":{"self":[{"href":"https:\/\/petrazabcic.art\/en\/wp-json\/wp\/v2\/pages\/4938","targetHints":{"allow":["GET"]}}],"collection":[{"href":"https:\/\/petrazabcic.art\/en\/wp-json\/wp\/v2\/pages"}],"about":[{"href":"https:\/\/petrazabcic.art\/en\/wp-json\/wp\/v2\/types\/page"}],"author":[{"embeddable":true,"href":"https:\/\/petrazabcic.art\/en\/wp-json\/wp\/v2\/users\/1"}],"replies":[{"embeddable":true,"href":"https:\/\/petrazabcic.art\/en\/wp-json\/wp\/v2\/comments?post=4938"}],"version-history":[{"count":5,"href":"https:\/\/petrazabcic.art\/en\/wp-json\/wp\/v2\/pages\/4938\/revisions"}],"predecessor-version":[{"id":4943,"href":"https:\/\/petrazabcic.art\/en\/wp-json\/wp\/v2\/pages\/4938\/revisions\/4943"}],"wp:attachment":[{"href":"https:\/\/petrazabcic.art\/en\/wp-json\/wp\/v2\/media?parent=4938"}],"curies":[{"name":"wp","href":"https:\/\/api.w.org\/{rel}","templated":true}]}}